{"id":79,"date":"2019-10-22T12:35:03","date_gmt":"2019-10-22T12:35:03","guid":{"rendered":"http:\/\/engelbrecht-yachtservice.com\/?page_id=79"},"modified":"2019-11-14T22:44:28","modified_gmt":"2019-11-14T22:44:28","slug":"gfk-technik","status":"publish","type":"page","link":"https:\/\/engelbrecht-yachtservice.com\/?page_id=79","title":{"rendered":"GfK &#8211; Technik"},"content":{"rendered":"\t\t<div data-elementor-type=\"wp-page\" data-elementor-id=\"79\" class=\"elementor elementor-79\">\n\t\t\t\t\t\t<section class=\"elementor-section elementor-top-section elementor-element elementor-element-033737e elementor-section-boxed elementor-section-height-default elementor-section-height-default\" data-id=\"033737e\" data-element_type=\"section\">\n\t\t\t\t\t\t<div class=\"elementor-container elementor-column-gap-default\">\n\t\t\t\t\t<div class=\"elementor-column elementor-col-33 elementor-top-column elementor-element elementor-element-968a194\" data-id=\"968a194\" data-element_type=\"column\">\n\t\t\t<div class=\"elementor-widget-wrap elementor-element-populated\">\n\t\t\t\t\t\t<div class=\"elementor-element elementor-element-7870703 elementor-widget elementor-widget-text-editor\" data-id=\"7870703\" data-element_type=\"widget\" data-widget_type=\"text-editor.default\">\n\t\t\t\t<div class=\"elementor-widget-container\">\n\t\t\t\t\t\t\t\t\t<h4><strong>Neu- und Umbau\u00a0 in Polyester und Epoxy<\/strong><\/h4><p>Durch unsere langj\u00e4hrige Erfahrung im Handlaminieren, k\u00f6nnen wir komplexe Bauteile anfertigen. Diese lassen sich dann in nahezu jede bestehende Formen einbinden. Auch Prototypen und Kleinserien lassen sich so mit geringem Aufwand herstellen.<\/p>\t\t\t\t\t\t\t\t<\/div>\n\t\t\t\t<\/div>\n\t\t\t\t\t<\/div>\n\t\t<\/div>\n\t\t\t\t<div class=\"elementor-column elementor-col-33 elementor-top-column elementor-element elementor-element-d1f0a1b\" data-id=\"d1f0a1b\" data-element_type=\"column\">\n\t\t\t<div class=\"elementor-widget-wrap elementor-element-populated\">\n\t\t\t\t\t\t<div class=\"elementor-element elementor-element-d6d84d7 elementor-pagination-position-outside elementor-widget elementor-widget-image-carousel\" data-id=\"d6d84d7\" data-element_type=\"widget\" data-settings=\"{&quot;slides_to_show&quot;:&quot;1&quot;,&quot;navigation&quot;:&quot;dots&quot;,&quot;autoplay&quot;:&quot;no&quot;,&quot;infinite&quot;:&quot;yes&quot;,&quot;effect&quot;:&quot;slide&quot;,&quot;speed&quot;:500}\" data-widget_type=\"image-carousel.default\">\n\t\t\t\t<div class=\"elementor-widget-container\">\n\t\t\t\t\t\t\t<div class=\"elementor-image-carousel-wrapper swiper\" role=\"region\" aria-roledescription=\"carousel\" aria-label=\"Bild Karussell\" dir=\"ltr\">\n\t\t\t<div class=\"elementor-image-carousel swiper-wrapper\" aria-live=\"polite\">\n\t\t\t\t\t\t\t\t<div class=\"swiper-slide\" role=\"group\" aria-roledescription=\"slide\" aria-label=\"1 von 3\"><a data-elementor-open-lightbox=\"yes\" data-elementor-lightbox-slideshow=\"d6d84d7\" data-elementor-lightbox-title=\"DSC_1179\" data-e-action-hash=\"#elementor-action%3Aaction%3Dlightbox%26settings%3DeyJpZCI6ODUsInVybCI6Imh0dHBzOlwvXC9lbmdlbGJyZWNodC15YWNodHNlcnZpY2UuY29tXC93cC1jb250ZW50XC91cGxvYWRzXC8yMDE5XC8xMFwvRFNDXzExNzkuanBnIiwic2xpZGVzaG93IjoiZDZkODRkNyJ9\" href=\"https:\/\/engelbrecht-yachtservice.com\/wp-content\/uploads\/2019\/10\/DSC_1179.jpg\"><figure class=\"swiper-slide-inner\"><img decoding=\"async\" class=\"swiper-slide-image\" src=\"https:\/\/engelbrecht-yachtservice.com\/wp-content\/uploads\/2019\/10\/DSC_1179-150x150.jpg\" alt=\"DSC_1179\" \/><\/figure><\/a><\/div><div class=\"swiper-slide\" role=\"group\" aria-roledescription=\"slide\" aria-label=\"2 von 3\"><a data-elementor-open-lightbox=\"yes\" data-elementor-lightbox-slideshow=\"d6d84d7\" data-elementor-lightbox-title=\"DSC_1177\" data-e-action-hash=\"#elementor-action%3Aaction%3Dlightbox%26settings%3DeyJpZCI6ODAsInVybCI6Imh0dHBzOlwvXC9lbmdlbGJyZWNodC15YWNodHNlcnZpY2UuY29tXC93cC1jb250ZW50XC91cGxvYWRzXC8yMDE5XC8xMFwvRFNDXzExNzcuanBnIiwic2xpZGVzaG93IjoiZDZkODRkNyJ9\" href=\"https:\/\/engelbrecht-yachtservice.com\/wp-content\/uploads\/2019\/10\/DSC_1177.jpg\"><figure class=\"swiper-slide-inner\"><img decoding=\"async\" class=\"swiper-slide-image\" src=\"https:\/\/engelbrecht-yachtservice.com\/wp-content\/uploads\/2019\/10\/DSC_1177-150x150.jpg\" alt=\"DSC_1177\" \/><\/figure><\/a><\/div><div class=\"swiper-slide\" role=\"group\" aria-roledescription=\"slide\" aria-label=\"3 von 3\"><a data-elementor-open-lightbox=\"yes\" data-elementor-lightbox-slideshow=\"d6d84d7\" data-elementor-lightbox-title=\"DSC_1185\" data-e-action-hash=\"#elementor-action%3Aaction%3Dlightbox%26settings%3DeyJpZCI6ODcsInVybCI6Imh0dHBzOlwvXC9lbmdlbGJyZWNodC15YWNodHNlcnZpY2UuY29tXC93cC1jb250ZW50XC91cGxvYWRzXC8yMDE5XC8xMFwvRFNDXzExODUuanBnIiwic2xpZGVzaG93IjoiZDZkODRkNyJ9\" href=\"https:\/\/engelbrecht-yachtservice.com\/wp-content\/uploads\/2019\/10\/DSC_1185.jpg\"><figure class=\"swiper-slide-inner\"><img decoding=\"async\" class=\"swiper-slide-image\" src=\"https:\/\/engelbrecht-yachtservice.com\/wp-content\/uploads\/2019\/10\/DSC_1185-150x150.jpg\" alt=\"DSC_1185\" \/><\/figure><\/a><\/div>\t\t\t<\/div>\n\t\t\t\t\t\t\t\n\t\t\t\t\t\t\t\t\t<div class=\"swiper-pagination\"><\/div>\n\t\t\t\t\t\t\t\t\t<\/div>\n\t\t\t\t\t\t<\/div>\n\t\t\t\t<\/div>\n\t\t\t\t\t<\/div>\n\t\t<\/div>\n\t\t\t\t<div class=\"elementor-column elementor-col-33 elementor-top-column elementor-element elementor-element-209e80c\" data-id=\"209e80c\" data-element_type=\"column\">\n\t\t\t<div class=\"elementor-widget-wrap\">\n\t\t\t\t\t\t\t<\/div>\n\t\t<\/div>\n\t\t\t\t\t<\/div>\n\t\t<\/section>\n\t\t\t\t<section class=\"elementor-section elementor-top-section elementor-element elementor-element-358ead3 elementor-section-boxed elementor-section-height-default elementor-section-height-default\" data-id=\"358ead3\" data-element_type=\"section\">\n\t\t\t\t\t\t<div class=\"elementor-container elementor-column-gap-default\">\n\t\t\t\t\t<div class=\"elementor-column elementor-col-33 elementor-top-column elementor-element elementor-element-7256a61\" data-id=\"7256a61\" data-element_type=\"column\">\n\t\t\t<div class=\"elementor-widget-wrap elementor-element-populated\">\n\t\t\t\t\t\t<div class=\"elementor-element elementor-element-bb984a5 elementor-widget elementor-widget-text-editor\" data-id=\"bb984a5\" data-element_type=\"widget\" data-widget_type=\"text-editor.default\">\n\t\t\t\t<div class=\"elementor-widget-container\">\n\t\t\t\t\t\t\t\t\t<h4><strong>Gelcoatreparatur u. Aufbereitung<\/strong><\/h4><p>Durch Formbau und Nachbildung k\u00f6nnen wir nahezu jeden Schaden an ihrem Boot beseitigen. Durch Farbanpassung des Gelcoat, ist die Schadstelle sp\u00e4ter nicht mehr sichtbar.\u00a0 \u00a0\u00a0<\/p><div>\u00a0<\/div>\t\t\t\t\t\t\t\t<\/div>\n\t\t\t\t<\/div>\n\t\t\t\t\t<\/div>\n\t\t<\/div>\n\t\t\t\t<div class=\"elementor-column elementor-col-33 elementor-top-column elementor-element elementor-element-5f5c0aa\" data-id=\"5f5c0aa\" data-element_type=\"column\">\n\t\t\t<div class=\"elementor-widget-wrap elementor-element-populated\">\n\t\t\t\t\t\t<div class=\"elementor-element elementor-element-e1895bb elementor-pagination-position-outside elementor-widget elementor-widget-image-carousel\" data-id=\"e1895bb\" data-element_type=\"widget\" data-settings=\"{&quot;slides_to_show&quot;:&quot;1&quot;,&quot;navigation&quot;:&quot;dots&quot;,&quot;autoplay&quot;:&quot;no&quot;,&quot;infinite&quot;:&quot;yes&quot;,&quot;effect&quot;:&quot;slide&quot;,&quot;speed&quot;:500}\" data-widget_type=\"image-carousel.default\">\n\t\t\t\t<div class=\"elementor-widget-container\">\n\t\t\t\t\t\t\t<div class=\"elementor-image-carousel-wrapper swiper\" role=\"region\" aria-roledescription=\"carousel\" aria-label=\"Bild Karussell\" dir=\"ltr\">\n\t\t\t<div class=\"elementor-image-carousel swiper-wrapper\" aria-live=\"polite\">\n\t\t\t\t\t\t\t\t<div class=\"swiper-slide\" role=\"group\" aria-roledescription=\"slide\" aria-label=\"1 von 2\"><a data-elementor-open-lightbox=\"yes\" data-elementor-lightbox-slideshow=\"e1895bb\" data-elementor-lightbox-title=\"DSC_1245\" data-e-action-hash=\"#elementor-action%3Aaction%3Dlightbox%26settings%3DeyJpZCI6ODksInVybCI6Imh0dHBzOlwvXC9lbmdlbGJyZWNodC15YWNodHNlcnZpY2UuY29tXC93cC1jb250ZW50XC91cGxvYWRzXC8yMDE5XC8xMFwvRFNDXzEyNDUuanBnIiwic2xpZGVzaG93IjoiZTE4OTViYiJ9\" href=\"https:\/\/engelbrecht-yachtservice.com\/wp-content\/uploads\/2019\/10\/DSC_1245.jpg\"><figure class=\"swiper-slide-inner\"><img decoding=\"async\" class=\"swiper-slide-image\" src=\"https:\/\/engelbrecht-yachtservice.com\/wp-content\/uploads\/2019\/10\/DSC_1245-150x150.jpg\" alt=\"DSC_1245\" \/><\/figure><\/a><\/div><div class=\"swiper-slide\" role=\"group\" aria-roledescription=\"slide\" aria-label=\"2 von 2\"><a data-elementor-open-lightbox=\"yes\" data-elementor-lightbox-slideshow=\"e1895bb\" data-elementor-lightbox-title=\"DSC_0948\" data-e-action-hash=\"#elementor-action%3Aaction%3Dlightbox%26settings%3DeyJpZCI6ODgsInVybCI6Imh0dHBzOlwvXC9lbmdlbGJyZWNodC15YWNodHNlcnZpY2UuY29tXC93cC1jb250ZW50XC91cGxvYWRzXC8yMDE5XC8xMFwvRFNDXzA5NDguanBnIiwic2xpZGVzaG93IjoiZTE4OTViYiJ9\" href=\"https:\/\/engelbrecht-yachtservice.com\/wp-content\/uploads\/2019\/10\/DSC_0948.jpg\"><figure class=\"swiper-slide-inner\"><img decoding=\"async\" class=\"swiper-slide-image\" src=\"https:\/\/engelbrecht-yachtservice.com\/wp-content\/uploads\/2019\/10\/DSC_0948-150x150.jpg\" alt=\"DSC_0948\" \/><\/figure><\/a><\/div>\t\t\t<\/div>\n\t\t\t\t\t\t\t\n\t\t\t\t\t\t\t\t\t<div class=\"swiper-pagination\"><\/div>\n\t\t\t\t\t\t\t\t\t<\/div>\n\t\t\t\t\t\t<\/div>\n\t\t\t\t<\/div>\n\t\t\t\t\t<\/div>\n\t\t<\/div>\n\t\t\t\t<div class=\"elementor-column elementor-col-33 elementor-top-column elementor-element elementor-element-f32689b\" data-id=\"f32689b\" data-element_type=\"column\">\n\t\t\t<div class=\"elementor-widget-wrap\">\n\t\t\t\t\t\t\t<\/div>\n\t\t<\/div>\n\t\t\t\t\t<\/div>\n\t\t<\/section>\n\t\t\t\t<section class=\"elementor-section elementor-top-section elementor-element elementor-element-a48c247 elementor-section-boxed elementor-section-height-default elementor-section-height-default\" data-id=\"a48c247\" data-element_type=\"section\">\n\t\t\t\t\t\t<div class=\"elementor-container elementor-column-gap-default\">\n\t\t\t\t\t<div class=\"elementor-column elementor-col-33 elementor-top-column elementor-element elementor-element-b13094c\" data-id=\"b13094c\" data-element_type=\"column\">\n\t\t\t<div class=\"elementor-widget-wrap elementor-element-populated\">\n\t\t\t\t\t\t<div class=\"elementor-element elementor-element-5e73052 elementor-widget elementor-widget-text-editor\" data-id=\"5e73052\" data-element_type=\"widget\" data-widget_type=\"text-editor.default\">\n\t\t\t\t<div class=\"elementor-widget-container\">\n\t\t\t\t\t\t\t\t\t<h4><strong>Oberfl\u00e4chenbeschichtungen<\/strong><\/h4><p>Der Schutz f\u00fcr Oberfl\u00e4chen\u00a0 vor Umwelteinfl\u00fcssen im unter und \u00fcber Wasserbereich ist wichtig. Wir bieten Ihnen L\u00f6sungen f\u00fcr Neubeschichtung, Wiederaufbau oder Osmosesanierung, bei jeder Bootsgr\u00f6\u00dfe.<\/p>\t\t\t\t\t\t\t\t<\/div>\n\t\t\t\t<\/div>\n\t\t\t\t\t<\/div>\n\t\t<\/div>\n\t\t\t\t<div class=\"elementor-column elementor-col-33 elementor-top-column elementor-element elementor-element-b3002e5\" data-id=\"b3002e5\" data-element_type=\"column\">\n\t\t\t<div class=\"elementor-widget-wrap elementor-element-populated\">\n\t\t\t\t\t\t<div class=\"elementor-element elementor-element-52ce392 elementor-pagination-position-outside elementor-widget elementor-widget-image-carousel\" data-id=\"52ce392\" data-element_type=\"widget\" data-settings=\"{&quot;slides_to_show&quot;:&quot;1&quot;,&quot;navigation&quot;:&quot;dots&quot;,&quot;autoplay&quot;:&quot;no&quot;,&quot;infinite&quot;:&quot;yes&quot;,&quot;effect&quot;:&quot;slide&quot;,&quot;speed&quot;:500}\" data-widget_type=\"image-carousel.default\">\n\t\t\t\t<div class=\"elementor-widget-container\">\n\t\t\t\t\t\t\t<div class=\"elementor-image-carousel-wrapper swiper\" role=\"region\" aria-roledescription=\"carousel\" aria-label=\"Bild Karussell\" dir=\"ltr\">\n\t\t\t<div class=\"elementor-image-carousel swiper-wrapper\" aria-live=\"polite\">\n\t\t\t\t\t\t\t\t<div class=\"swiper-slide\" role=\"group\" aria-roledescription=\"slide\" aria-label=\"1 von 2\"><a data-elementor-open-lightbox=\"yes\" data-elementor-lightbox-slideshow=\"52ce392\" data-elementor-lightbox-title=\"DSC_1012\" data-e-action-hash=\"#elementor-action%3Aaction%3Dlightbox%26settings%3DeyJpZCI6OTAsInVybCI6Imh0dHBzOlwvXC9lbmdlbGJyZWNodC15YWNodHNlcnZpY2UuY29tXC93cC1jb250ZW50XC91cGxvYWRzXC8yMDE5XC8xMFwvRFNDXzEwMTIuanBnIiwic2xpZGVzaG93IjoiNTJjZTM5MiJ9\" href=\"https:\/\/engelbrecht-yachtservice.com\/wp-content\/uploads\/2019\/10\/DSC_1012.jpg\"><figure class=\"swiper-slide-inner\"><img decoding=\"async\" class=\"swiper-slide-image\" src=\"https:\/\/engelbrecht-yachtservice.com\/wp-content\/uploads\/2019\/10\/DSC_1012-150x150.jpg\" alt=\"DSC_1012\" \/><\/figure><\/a><\/div><div class=\"swiper-slide\" role=\"group\" aria-roledescription=\"slide\" aria-label=\"2 von 2\"><a data-elementor-open-lightbox=\"yes\" data-elementor-lightbox-slideshow=\"52ce392\" data-elementor-lightbox-title=\"DSC_1185\" data-e-action-hash=\"#elementor-action%3Aaction%3Dlightbox%26settings%3DeyJpZCI6ODcsInVybCI6Imh0dHBzOlwvXC9lbmdlbGJyZWNodC15YWNodHNlcnZpY2UuY29tXC93cC1jb250ZW50XC91cGxvYWRzXC8yMDE5XC8xMFwvRFNDXzExODUuanBnIiwic2xpZGVzaG93IjoiNTJjZTM5MiJ9\" href=\"https:\/\/engelbrecht-yachtservice.com\/wp-content\/uploads\/2019\/10\/DSC_1185.jpg\"><figure class=\"swiper-slide-inner\"><img decoding=\"async\" class=\"swiper-slide-image\" src=\"https:\/\/engelbrecht-yachtservice.com\/wp-content\/uploads\/2019\/10\/DSC_1185-150x150.jpg\" alt=\"DSC_1185\" \/><\/figure><\/a><\/div>\t\t\t<\/div>\n\t\t\t\t\t\t\t\n\t\t\t\t\t\t\t\t\t<div class=\"swiper-pagination\"><\/div>\n\t\t\t\t\t\t\t\t\t<\/div>\n\t\t\t\t\t\t<\/div>\n\t\t\t\t<\/div>\n\t\t\t\t\t<\/div>\n\t\t<\/div>\n\t\t\t\t<div class=\"elementor-column elementor-col-33 elementor-top-column elementor-element elementor-element-2b3ab05\" data-id=\"2b3ab05\" data-element_type=\"column\">\n\t\t\t<div class=\"elementor-widget-wrap\">\n\t\t\t\t\t\t\t<\/div>\n\t\t<\/div>\n\t\t\t\t\t<\/div>\n\t\t<\/section>\n\t\t\t\t<\/div>\n\t\t","protected":false},"excerpt":{"rendered":"<p>Neu- und Umbau\u00a0 in Polyester und Epoxy Durch unsere langj\u00e4hrige Erfahrung im Handlaminieren, k\u00f6nnen wir komplexe Bauteile anfertigen. Diese lassen sich dann in nahezu jede bestehende Formen einbinden. Auch Prototypen und Kleinserien lassen sich so mit geringem Aufwand herstellen. Gelcoatreparatur u. Aufbereitung Durch Formbau und Nachbildung k\u00f6nnen wir nahezu jeden Schaden an ihrem Boot beseitigen. [&hellip;]<\/p>\n","protected":false},"author":1,"featured_media":80,"parent":0,"menu_order":0,"comment_status":"closed","ping_status":"closed","template":"","meta":{"footnotes":""},"class_list":["post-79","page","type-page","status-publish","has-post-thumbnail","hentry"],"_links":{"self":[{"href":"https:\/\/engelbrecht-yachtservice.com\/index.php?rest_route=\/wp\/v2\/pages\/79","targetHints":{"allow":["GET"]}}],"collection":[{"href":"https:\/\/engelbrecht-yachtservice.com\/index.php?rest_route=\/wp\/v2\/pages"}],"about":[{"href":"https:\/\/engelbrecht-yachtservice.com\/index.php?rest_route=\/wp\/v2\/types\/page"}],"author":[{"embeddable":true,"href":"https:\/\/engelbrecht-yachtservice.com\/index.php?rest_route=\/wp\/v2\/users\/1"}],"replies":[{"embeddable":true,"href":"https:\/\/engelbrecht-yachtservice.com\/index.php?rest_route=%2Fwp%2Fv2%2Fcomments&post=79"}],"version-history":[{"count":23,"href":"https:\/\/engelbrecht-yachtservice.com\/index.php?rest_route=\/wp\/v2\/pages\/79\/revisions"}],"predecessor-version":[{"id":314,"href":"https:\/\/engelbrecht-yachtservice.com\/index.php?rest_route=\/wp\/v2\/pages\/79\/revisions\/314"}],"wp:featuredmedia":[{"embeddable":true,"href":"https:\/\/engelbrecht-yachtservice.com\/index.php?rest_route=\/wp\/v2\/media\/80"}],"wp:attachment":[{"href":"https:\/\/engelbrecht-yachtservice.com\/index.php?rest_route=%2Fwp%2Fv2%2Fmedia&parent=79"}],"curies":[{"name":"wp","href":"https:\/\/api.w.org\/{rel}","templated":true}]}}