{"id":394,"date":"2022-10-04T10:32:41","date_gmt":"2022-10-04T10:32:41","guid":{"rendered":"https:\/\/engelbrecht-yachtservice.com\/?page_id=394"},"modified":"2022-10-04T12:01:35","modified_gmt":"2022-10-04T12:01:35","slug":"datenschutzerklaerung","status":"publish","type":"page","link":"https:\/\/engelbrecht-yachtservice.com\/?page_id=394","title":{"rendered":"Datenschutzerkl\u00e4rung"},"content":{"rendered":"\n<p>Die Adresse unserer Website ist: https:\/\/engelbrecht-yachtservice.com.<\/p>\n\n\n\n<p>Datenschutzerkl\u00e4rung nach Muster Prof. Dr. Th. Hoeren<\/p>\n\n\n\n<p class=\"has-medium-font-size\"><strong>I. Allgemeines zur Datenverarbeitung<\/strong><\/p>\n\n\n\n<p><strong>1. Umfang der Verarbeitung personenbezogener Daten<\/strong><br>Wir verarbeiten personenbezogene Daten unserer Nutzer grunds\u00e4tzlich nur, soweit dies zur<br>Bereitstellung einer funktionsf\u00e4higen Website sowie unserer Inhalte und Leistungen<br>erforderlich ist. Die Verarbeitung personenbezogener Daten unserer Nutzer erfolgt<br>regelm\u00e4\u00dfig nur nach Einwilligung des Nutzers. Eine Ausnahme gilt in solchen F\u00e4llen, in<br>denen eine vorherige Einholung einer Einwilligung aus tats\u00e4chlichen Gr\u00fcnden nicht m\u00f6glich<br>ist und die Verarbeitung der Daten durch gesetzliche Vorschriften gestattet ist.<\/p>\n\n\n\n<p><br><strong>2. Rechtsgrundlage f\u00fcr die Verarbeitung personenbezogener Daten<\/strong><br>Soweit wir f\u00fcr Verarbeitungsvorg\u00e4nge personenbezogener Daten eine Einwilligung der<br>betroffenen Person einholen, dient Art. 6 Abs. 1 lit. a EU-Datenschutzgrundverordnung<br>(DSGVO) als Rechtsgrundlage.<br>Bei der Verarbeitung von personenbezogenen Daten, die zur Erf\u00fcllung eines Vertrages,<br>dessen Vertragspartei die betroffene Person ist, erforderlich ist, dient Art. 6 Abs. 1 lit. b<br>DSGVO als Rechtsgrundlage. Dies gilt auch f\u00fcr Verarbeitungsvorg\u00e4nge, die zur<br>Durchf\u00fchrung vorvertraglicher Ma\u00dfnahmen erforderlich sind.<br>Soweit eine Verarbeitung personenbezogener Daten zur Erf\u00fcllung einer rechtlichen<br>Verpflichtung erforderlich ist, der unser Unternehmen unterliegt, dient Art. 6 Abs. 1 lit. c<br>DSGVO als Rechtsgrundlage.<br>F\u00fcr den Fall, dass lebenswichtige Interessen der betroffenen Person oder einer anderen<br>nat\u00fcrlichen Person eine Verarbeitung personenbezogener Daten erforderlich machen, dient<br>Art. 6 Abs. 1 lit. d DSGVO als Rechtsgrundlage.<br>Ist die Verarbeitung zur Wahrung eines berechtigten Interesses unseres Unternehmens oder<br>eines Dritten erforderlich und \u00fcberwiegen die Interessen, Grundrechte und Grundfreiheiten<br>des Betroffenen das erstgenannte Interesse nicht, so dient Art. 6 Abs. 1 lit. f DSGVO als<br>Rechtsgrundlage f\u00fcr die Verarbeitung.<\/p>\n\n\n\n<p><br><strong>3. Datenl\u00f6schung und Speicherdauer<\/strong><br>Die personenbezogenen Daten der betroffenen Person werden gel\u00f6scht oder gesperrt, sobald<br>der Zweck der Speicherung entf\u00e4llt. Eine Speicherung kann dar\u00fcber hinaus erfolgen, wenn<br>dies durch den europ\u00e4ischen oder nationalen Gesetzgeber in unionsrechtlichen Verordnungen,<br>Gesetzen oder sonstigen Vorschriften, denen der Verantwortliche unterliegt, vorgesehen<br>wurde. Eine Sperrung oder L\u00f6schung der Daten erfolgt auch dann, wenn eine durch die<br>genannten Normen vorgeschriebene Speicherfrist abl\u00e4uft, es sei denn, dass eine<br>Erforderlichkeit zur weiteren Speicherung der Daten f\u00fcr einen Vertragsabschluss oder eine<br>Vertragserf\u00fcllung besteht.<\/p>\n\n\n\n<p class=\"has-medium-font-size\"><strong>II. Bereitstellung der Website und Erstellung von Logfiles<\/strong><\/p>\n\n\n\n<p><strong>1. Beschreibung und Umfang der Datenverarbeitung<\/strong><br>Bei jedem Aufruf unserer Internetseite erfasst der Provider des Verantwortlichen<br>m\u00f6glicherweise automatisiert in Logfiles Daten und Informationen vom Computersystem des<br>aufrufenden Rechners.<br>Folgende Daten k\u00f6nnen hierbei erhoben werden:<br>Informationen \u00fcber den Browsertyp und die verwendete Version<br>Das Betriebssystem des Nutzers<br>Den Internet-Service-Provider des Nutzers<br>Die IP-Adresse des Nutzers<br>Datum und Uhrzeit des Zugriffs<br>Websites, von denen das System des Nutzers auf unsere Internetseite gelangt<br>Websites, die vom System des Nutzers \u00fcber unsere Website aufgerufen werden<br><\/p>\n\n\n\n<p><strong>2. Rechtsgrundlage f\u00fcr die Datenverarbeitung<\/strong><br>Rechtsgrundlage f\u00fcr die vor\u00fcbergehende Speicherung der Daten ist Art. 6 Abs. 1 lit. f<br>DSGVO.<\/p>\n\n\n\n<p><br><strong>3. Zweck der Datenverarbeitung<\/strong><br>Die vor\u00fcbergehende Speicherung der IP-Adresse durch das System ist notwendig, um eine<br>Auslieferung der Website an den Rechner des Nutzers zu erm\u00f6glichen. Hierf\u00fcr muss die IP-<br>Adresse des Nutzers f\u00fcr die Dauer der Sitzung gespeichert bleiben.<br>In diesen Zwecken liegt auch unser berechtigtes Interesse an der Datenverarbeitung nach<br>Art. 6 Abs. 1 lit. f DSGVO.<\/p>\n\n\n\n<p><br><strong>4. Dauer der Speicherung<\/strong><br>Die Daten werden gel\u00f6scht, sobald sie f\u00fcr die Erreichung des Zweckes ihrer Erhebung nicht<br>mehr erforderlich sind. Im Falle der Erfassung der Daten zur Bereitstellung der Website ist<br>dies der Fall, wenn die jeweilige Sitzung beendet ist.<\/p>\n\n\n\n<p><br><strong>5. Widerspruchs- und Beseitigungsm\u00f6glichkeit<\/strong><br>Die Erfassung der Daten zur Bereitstellung der Website und die Speicherung der Daten in<br>Logfiles ist f\u00fcr den Betrieb der Internetseite zwingend erforderlich. Es besteht folglich seitens<br>des Nutzers keine Widerspruchsm\u00f6glichkeit.<\/p>\n\n\n\n<p class=\"has-medium-font-size\"><strong>III. Rechte der betroffenen Person<\/strong><\/p>\n\n\n\n<p>Werden personenbezogene Daten von Ihnen verarbeitet, sind Sie Betroffener i.S.d. DSGVO<br>und es stehen Ihnen folgende Rechte gegen\u00fcber dem Verantwortlichen zu:<br><\/p>\n\n\n\n<p><strong>1. Auskunftsrecht<\/strong><br>Sie k\u00f6nnen von dem Verantwortlichen eine Best\u00e4tigung dar\u00fcber verlangen, ob<br>personenbezogene Daten, die Sie betreffen, von uns verarbeitet werden.<br>Liegt eine solche Verarbeitung vor, k\u00f6nnen Sie von dem Verantwortlichen \u00fcber folgende<br>Informationen Auskunft verlangen:<br>(1) die Zwecke, zu denen die personenbezogenen Daten verarbeitet werden;<\/p>\n\n\n\n<p><br>(2) die Kategorien von personenbezogenen Daten, welche verarbeitet werden;<\/p>\n\n\n\n<p><br>(3) die Empf\u00e4nger bzw. die Kategorien von Empf\u00e4ngern, gegen\u00fcber denen die Sie<br>betreffenden personenbezogenen Daten offengelegt wurden oder noch offengelegt werden;<\/p>\n\n\n\n<p><br>(4) die geplante Dauer der Speicherung der Sie betreffenden personenbezogenen Daten oder,<br>falls konkrete Angaben hierzu nicht m\u00f6glich sind, Kriterien f\u00fcr die Festlegung der<br>Speicherdauer;<\/p>\n\n\n\n<p><br>(5) das Bestehen eines Rechts auf Berichtigung oder L\u00f6schung der Sie betreffenden<br>personenbezogenen Daten, eines Rechts auf Einschr\u00e4nkung der Verarbeitung durch den<br>Verantwortlichen oder eines Widerspruchsrechts gegen diese Verarbeitung;<\/p>\n\n\n\n<p><br>(6) das Bestehen eines Beschwerderechts bei einer Aufsichtsbeh\u00f6rde;<\/p>\n\n\n\n<p><br>(7) alle verf\u00fcgbaren Informationen \u00fcber die Herkunft der Daten, wenn die personenbezogenen<br>Daten nicht bei der betroffenen Person erhoben werden.<br>Ihnen steht das Recht zu, Auskunft dar\u00fcber zu verlangen, ob die Sie betreffenden<br>personenbezogenen Daten in ein Drittland oder an eine internationale Organisation<br>\u00fcbermittelt werden. In diesem Zusammenhang k\u00f6nnen Sie verlangen, \u00fcber die geeigneten<br>Garantien gem. Art. 46 DSGVO im Zusammenhang mit der \u00dcbermittlung unterrichtet zu<br>werden.<\/p>\n\n\n\n<p><br><strong>2. Recht auf Berichtigung<\/strong><br>Sie haben ein Recht auf Berichtigung und\/oder Vervollst\u00e4ndigung gegen\u00fcber dem<br>Verantwortlichen, sofern die verarbeiteten personenbezogenen Daten, die Sie betreffen,<br>unrichtig oder unvollst\u00e4ndig sind. Der Verantwortliche hat die Berichtigung unverz\u00fcglich<br>vorzunehmen.<\/p>\n\n\n\n<p><strong><br>3. Recht auf Einschr\u00e4nkung der Verarbeitung<\/strong><br>Unter den folgenden Voraussetzungen k\u00f6nnen Sie die Einschr\u00e4nkung der Verarbeitung der<br>Sie betreffenden personenbezogenen Daten verlangen:(1) wenn Sie die Richtigkeit der Sie betreffenden personenbezogenen f\u00fcr eine Dauer<br>bestreiten, die es dem Verantwortlichen erm\u00f6glicht, die Richtigkeit der personenbezogenen<br>Daten zu \u00fcberpr\u00fcfen;<br>(2) die Verarbeitung unrechtm\u00e4\u00dfig ist und Sie die L\u00f6schung der personenbezogenen Daten<br>ablehnen und stattdessen die Einschr\u00e4nkung der Nutzung der personenbezogenen Daten<br>verlangen;<br>(3) der Verantwortliche die personenbezogenen Daten f\u00fcr die Zwecke der Verarbeitung nicht<br>l\u00e4nger ben\u00f6tigt, Sie diese jedoch zur Geltendmachung, Aus\u00fcbung oder Verteidigung von<br>Rechtsanspr\u00fcchen ben\u00f6tigen, oder<br>(4) wenn Sie Widerspruch gegen die Verarbeitung gem\u00e4\u00df Art. 21 Abs. 1 DSGVO eingelegt<br>haben und noch nicht feststeht, ob die berechtigten Gr\u00fcnde des Verantwortlichen gegen\u00fcber<br>Ihren Gr\u00fcnden \u00fcberwiegen.<br>Wurde die Verarbeitung der Sie betreffenden personenbezogenen Daten eingeschr\u00e4nkt, d\u00fcrfen<br>diese Daten \u2013 von ihrer Speicherung abgesehen \u2013 nur mit Ihrer Einwilligung oder zur<br>Geltendmachung, Aus\u00fcbung oder Verteidigung von Rechtsanspr\u00fcchen oder zum Schutz der<br>Rechte einer anderen nat\u00fcrlichen oder juristischen Person oder aus Gr\u00fcnden eines wichtigen<br>\u00f6ffentlichen Interesses der Union oder eines Mitgliedstaats verarbeitet werden.<br>Wurde die Einschr\u00e4nkung der Verarbeitung nach den o.g. Voraussetzungen eingeschr\u00e4nkt,<br>werden Sie von dem Verantwortlichen unterrichtet bevor die Einschr\u00e4nkung aufgehoben wird.<\/p>\n\n\n\n<p><br><strong>4. Recht auf L\u00f6schung<\/strong><br>a) L\u00f6schungspflicht<br>Sie k\u00f6nnen von dem Verantwortlichen verlangen, dass die Sie betreffenden<br>personenbezogenen Daten unverz\u00fcglich gel\u00f6scht werden, und der Verantwortliche ist<br>verpflichtet, diese Daten unverz\u00fcglich zu l\u00f6schen, sofern einer der folgenden Gr\u00fcnde zutrifft:<br>(1) Die Sie betreffenden personenbezogenen Daten sind f\u00fcr die Zwecke, f\u00fcr die sie erhoben<br>oder auf sonstige Weise verarbeitet wurden, nicht mehr notwendig.<br>(2) Sie widerrufen Ihre Einwilligung, auf die sich die Verarbeitung gem. Art. 6 Abs. 1 lit. a<br>oder Art. 9 Abs. 2 lit. a DSGVO st\u00fctzte, und es fehlt an einer anderweitigen Rechtsgrundlage<br>f\u00fcr die Verarbeitung.<br>(3) Sie legen gem. Art. 21 Abs. 1 DSGVO Widerspruch gegen die Verarbeitung ein und es<br>liegen keine vorrangigen berechtigten Gr\u00fcnde f\u00fcr die Verarbeitung vor, oder Sie legen gem.<br>Art. 21 Abs. 2 DSGVO Widerspruch gegen die Verarbeitung ein.<br>(4) Die Sie betreffenden personenbezogenen Daten wurden unrechtm\u00e4\u00dfig verarbeitet.<br>(5) Die L\u00f6schung der Sie betreffenden personenbezogenen Daten ist zur Erf\u00fcllung einer<br>rechtlichen Verpflichtung nach dem Unionsrecht oder dem Recht der Mitgliedstaaten<br>erforderlich, dem der Verantwortliche unterliegt.(6) Die Sie betreffenden personenbezogenen Daten wurden in Bezug auf angebotene Dienste<br>der Informationsgesellschaft gem\u00e4\u00df Art. 8 Abs. 1 DSGVO erhoben.<br>b) Information an Dritte<br>Hat der Verantwortliche die Sie betreffenden personenbezogenen Daten \u00f6ffentlich gemacht<br>und ist er gem. Art. 17 Abs. 1 DSGVO zu deren L\u00f6schung verpflichtet, so trifft er unter<br>Ber\u00fccksichtigung der verf\u00fcgbaren Technologie und der Implementierungskosten<br>angemessene Ma\u00dfnahmen, auch technischer Art, um f\u00fcr die Datenverarbeitung<br>Verantwortliche, die die personenbezogenen Daten verarbeiten, dar\u00fcber zu informieren, dass<br>Sie als betroffene Person von ihnen die L\u00f6schung aller Links zu diesen personenbezogenen<br>Daten oder von Kopien oder Replikationen dieser personenbezogenen Daten verlangt haben.<br>c) Ausnahmen<br>Das Recht auf L\u00f6schung besteht nicht, soweit die Verarbeitung erforderlich ist<br>(1) zur Aus\u00fcbung des Rechts auf freie Meinungs\u00e4u\u00dferung und Information;<br>(2) zur Erf\u00fcllung einer rechtlichen Verpflichtung, die die Verarbeitung nach dem Recht der<br>Union oder der Mitgliedstaaten, dem der Verantwortliche unterliegt, erfordert, oder zur<br>Wahrnehmung einer Aufgabe, die im \u00f6ffentlichen Interesse liegt oder in Aus\u00fcbung<br>\u00f6ffentlicher Gewalt erfolgt, die dem Verantwortlichen \u00fcbertragen wurde;<br>(3) aus Gr\u00fcnden des \u00f6ffentlichen Interesses im Bereich der \u00f6ffentlichen Gesundheit gem\u00e4\u00df<br>Art. 9 Abs. 2 lit. h und i sowie Art. 9 Abs. 3 DSGVO;<br>(4) f\u00fcr im \u00f6ffentlichen Interesse liegende Archivzwecke, wissenschaftliche oder historische<br>Forschungszwecke oder f\u00fcr statistische Zwecke gem. Art. 89 Abs. 1 DSGVO, soweit das<br>unter Abschnitt a) genannte Recht voraussichtlich die Verwirklichung der Ziele dieser<br>Verarbeitung unm\u00f6glich macht oder ernsthaft beeintr\u00e4chtigt, oder<br>(5) zur Geltendmachung, Aus\u00fcbung oder Verteidigung von Rechtsanspr\u00fcchen.<\/p>\n\n\n\n<p><br><strong>5. Recht auf Unterrichtung<\/strong><br>Haben Sie das Recht auf Berichtigung, L\u00f6schung oder Einschr\u00e4nkung der Verarbeitung<br>gegen\u00fcber dem Verantwortlichen geltend gemacht, ist dieser verpflichtet, allen Empf\u00e4ngern,<br>denen die Sie betreffenden personenbezogenen Daten offengelegt wurden, diese Berichtigung<br>oder L\u00f6schung der Daten oder Einschr\u00e4nkung der Verarbeitung mitzuteilen, es sei denn, dies<br>erweist sich als unm\u00f6glich oder ist mit einem unverh\u00e4ltnism\u00e4\u00dfigen Aufwand verbunden.<br>Ihnen steht gegen\u00fcber dem Verantwortlichen das Recht zu, \u00fcber diese Empf\u00e4nger unterrichtet<br>zu werden.<\/p>\n\n\n\n<p><br><strong>6. Recht auf Daten\u00fcbertragbarkeit<\/strong><br>Sie haben das Recht, die Sie betreffenden personenbezogenen Daten, die Sie dem<br>Verantwortlichen bereitgestellt haben, in einem strukturierten, g\u00e4ngigen und<br>maschinenlesbaren Format zu erhalten. Au\u00dferdem haben Sie das Recht diese Daten einemanderen Verantwortlichen ohne Behinderung durch den Verantwortlichen, dem die<br>personenbezogenen Daten bereitgestellt wurden, zu \u00fcbermitteln, sofern<br>(1) die Verarbeitung auf einer Einwilligung gem. Art. 6 Abs. 1 lit. a DSGVO oder Art. 9<br>Abs. 2 lit. a DSGVO oder auf einem Vertrag gem. Art. 6 Abs. 1 lit. b DSGVO beruht und<br>(2) die Verarbeitung mithilfe automatisierter Verfahren erfolgt.<br>In Aus\u00fcbung dieses Rechts haben Sie ferner das Recht, zu erwirken, dass die Sie betreffenden<br>personenbezogenen Daten direkt von einem Verantwortlichen einem anderen<br>Verantwortlichen \u00fcbermittelt werden, soweit dies technisch machbar ist. Freiheiten und<br>Rechte anderer Personen d\u00fcrfen hierdurch nicht beeintr\u00e4chtigt werden.<br>Das Recht auf Daten\u00fcbertragbarkeit gilt nicht f\u00fcr eine Verarbeitung personenbezogener<br>Daten, die f\u00fcr die Wahrnehmung einer Aufgabe erforderlich ist, die im \u00f6ffentlichen Interesse<br>liegt oder in Aus\u00fcbung \u00f6ffentlicher Gewalt erfolgt, die dem Verantwortlichen \u00fcbertragen<br>wurde.<\/p>\n\n\n\n<p><br><strong>7. Widerspruchsrecht<\/strong><br>Sie haben das Recht, aus Gr\u00fcnden, die sich aus ihrer besonderen Situation ergeben, jederzeit<br>gegen die Verarbeitung der Sie betreffenden personenbezogenen Daten, die aufgrund von<br>Art. 6 Abs. 1 lit. e oder f DSGVO erfolgt, Widerspruch einzulegen; dies gilt auch f\u00fcr ein auf<br>diese Bestimmungen gest\u00fctztes Profiling.<br>Der Verantwortliche verarbeitet die Sie betreffenden personenbezogenen Daten nicht mehr, es<br>sei denn, er kann zwingende schutzw\u00fcrdige Gr\u00fcnde f\u00fcr die Verarbeitung nachweisen, die Ihre<br>Interessen, Rechte und Freiheiten \u00fcberwiegen, oder die Verarbeitung dient der<br>Geltendmachung, Aus\u00fcbung oder Verteidigung von Rechtsanspr\u00fcchen.<br>Werden die Sie betreffenden personenbezogenen Daten verarbeitet, um Direktwerbung zu<br>betreiben, haben Sie das Recht, jederzeit Widerspruch gegen die Verarbeitung der Sie<br>betreffenden personenbezogenen Daten zum Zwecke derartiger Werbung einzulegen; dies gilt<br>auch f\u00fcr das Profiling, soweit es mit solcher Direktwerbung in Verbindung steht.<br>Widersprechen Sie der Verarbeitung f\u00fcr Zwecke der Direktwerbung, so werden die Sie<br>betreffenden personenbezogenen Daten nicht mehr f\u00fcr diese Zwecke verarbeitet.<br>Sie haben die M\u00f6glichkeit, im Zusammenhang mit der Nutzung von Diensten der<br>Informationsgesellschaft \u2013 ungeachtet der Richtlinie 2002\/58\/EG \u2013 Ihr Widerspruchsrecht<br>mittels automatisierter Verfahren auszu\u00fcben, bei denen technische Spezifikationen verwendet<br>werden.<\/p>\n\n\n\n<p><br><strong>8. Recht auf Widerruf der datenschutzrechtlichen Einwilligungserkl\u00e4rung<\/strong><br>Sie haben das Recht, Ihre datenschutzrechtliche Einwilligungserkl\u00e4rung jederzeit zu<br>widerrufen. Durch den Widerruf der Einwilligung wird die Rechtm\u00e4\u00dfigkeit der aufgrund der<br>Einwilligung bis zum Widerruf erfolgten Verarbeitung nicht ber\u00fchrt.<\/p>\n\n\n\n<p><br><strong>9. Recht auf Beschwerde bei einer Aufsichtsbeh\u00f6rde<\/strong><\/p>\n\n\n\n<p>Unbeschadet eines anderweitigen verwaltungsrechtlichen oder gerichtlichen Rechtsbehelfs<br>steht Ihnen das Recht auf Beschwerde bei einer Aufsichtsbeh\u00f6rde, insbesondere in dem<br>Mitgliedstaat ihres Aufenthaltsorts, ihres Arbeitsplatzes oder des Orts des mutma\u00dflichen<br>Versto\u00dfes, zu, wenn Sie der Ansicht sind, dass die Verarbeitung der Sie betreffenden<br>personenbezogenen Daten gegen die DSGVO verst\u00f6\u00dft.<br>Die Aufsichtsbeh\u00f6rde, bei der die Beschwerde eingereicht wurde, unterrichtet den<br>Beschwerdef\u00fchrer \u00fcber den Stand und die Ergebnisse der Beschwerde einschlie\u00dflich der<br>M\u00f6glichkeit eines gerichtlichen Rechtsbehelfs nach Art. 78 DSGVO.<br><\/p>\n\n\n\n<p>Verantwortlicher:<br>Engelbrecht Yachtservice<br>Inhb. J\u00f6rn Engelbrecht<br>Adlergestell 361<br>12489 Berlin<br>e-mail: info@engelbrecht-yachtservice.de<\/p>\n\n\n\n<h2 class=\"wp-block-heading\">Kommentare<\/h2>\n\n\n\n<p>Wenn Besucher Kommentare auf der Website schreiben, sammeln wir die Daten, die im Kommentar-Formular angezeigt werden, au\u00dferdem die IP-Adresse des Besuchers und den User-Agent-String (damit wird der Browser identifiziert), um die Erkennung von Spam zu unterst\u00fctzen.<\/p>\n\n\n\n<p>Aus deiner E-Mail-Adresse kann eine anonymisierte Zeichenfolge erstellt (auch Hash genannt) und dem Gravatar-Dienst \u00fcbergeben werden, um zu pr\u00fcfen, ob du diesen benutzt. Die Datenschutzerkl\u00e4rung des Gravatar-Dienstes findest du hier: https:\/\/automattic.com\/privacy\/. Nachdem dein Kommentar freigegeben wurde, ist dein Profilbild \u00f6ffentlich im Kontext deines Kommentars sichtbar.<\/p>\n\n\n\n<h2 class=\"wp-block-heading\">Medien<\/h2>\n\n\n\n<p><strong class=\"privacy-policy-tutorial\">Textvorschlag: <\/strong>Wenn du ein registrierter Benutzer bist und Fotos auf diese Website l\u00e4dst, solltest du vermeiden, Fotos mit einem EXIF-GPS-Standort hochzuladen. Besucher dieser Website k\u00f6nnten Fotos, die auf dieser Website gespeichert sind, herunterladen und deren Standort-Informationen extrahieren.<\/p>\n\n\n\n<h2 class=\"wp-block-heading\">Cookies<\/h2>\n\n\n\n<p>Wenn du einen Kommentar auf unserer Website schreibst, kann das eine Einwilligung sein, deinen Namen, E-Mail-Adresse und Website in Cookies zu speichern. Dies ist eine Komfortfunktion, damit du nicht, wenn du einen weiteren Kommentar schreibst, all diese Daten erneut eingeben musst. Diese Cookies werden ein Jahr lang gespeichert.<\/p>\n\n\n\n<p>Falls du ein Konto hast und dich auf dieser Website anmeldest, werden wir ein tempor\u00e4res Cookie setzen, um festzustellen, ob dein Browser Cookies akzeptiert. Dieses Cookie enth\u00e4lt keine personenbezogenen Daten und wird verworfen, wenn du deinen Browser schlie\u00dft.<\/p>\n\n\n\n<p>Wenn du dich anmeldest, werden wir einige Cookies einrichten, um deine Anmeldeinformationen und Anzeigeoptionen zu speichern. Anmelde-Cookies verfallen nach zwei Tagen und Cookies f\u00fcr die Anzeigeoptionen nach einem Jahr. Falls du bei der Anmeldung \u201eAngemeldet bleiben\u201c ausw\u00e4hlst, wird deine Anmeldung zwei Wochen lang aufrechterhalten. Mit der Abmeldung aus deinem Konto werden die Anmelde-Cookies gel\u00f6scht.<\/p>\n\n\n\n<p>Wenn du einen Artikel bearbeitest oder ver\u00f6ffentlichst, wird ein zus\u00e4tzlicher Cookie in deinem Browser gespeichert. Dieser Cookie enth\u00e4lt keine personenbezogenen Daten und verweist nur auf die Beitrags-ID des Artikels, den du gerade bearbeitet hast. Der Cookie verf\u00e4llt nach einem Tag.<\/p>\n\n\n\n<h2 class=\"wp-block-heading\">Eingebettete Inhalte von anderen Websites<\/h2>\n\n\n\n<p>Beitr\u00e4ge auf dieser Website k\u00f6nnen eingebettete Inhalte beinhalten (z.&nbsp;B. Videos, Bilder, Beitr\u00e4ge etc.). Eingebettete Inhalte von anderen Websites verhalten sich exakt so, als ob der Besucher die andere Website besucht h\u00e4tte.<\/p>\n\n\n\n<p>Diese Websites k\u00f6nnen Daten \u00fcber dich sammeln, Cookies benutzen, zus\u00e4tzliche Tracking-Dienste von Dritten einbetten und deine Interaktion mit diesem eingebetteten Inhalt aufzeichnen, inklusive deiner Interaktion mit dem eingebetteten Inhalt, falls du ein Konto hast und auf dieser Website angemeldet bist.<\/p>\n\n\n\n<h2 class=\"wp-block-heading\">Mit wem wir deine Daten teilen<\/h2>\n\n\n\n<p>Wenn du eine Zur\u00fccksetzung des Passworts beantragst, wird deine IP-Adresse in der E-Mail zur Zur\u00fccksetzung enthalten sein.<\/p>\n\n\n\n<h2 class=\"wp-block-heading\">Wie lange wir deine Daten speichern<\/h2>\n\n\n\n<p><strong class=\"privacy-policy-tutorial\">Textvorschlag: <\/strong>Wenn du einen Kommentar schreibst, wird dieser inklusive Metadaten zeitlich unbegrenzt gespeichert. Auf diese Art k\u00f6nnen wir Folgekommentare automatisch erkennen und freigeben, anstatt sie in einer Moderations-Warteschlange festzuhalten.<\/p>\n\n\n\n<p>F\u00fcr Benutzer, die sich auf unserer Website registrieren, speichern wir zus\u00e4tzlich die pers\u00f6nlichen Informationen, die sie in ihren Benutzerprofilen angeben. Alle Benutzer k\u00f6nnen jederzeit ihre pers\u00f6nlichen Informationen einsehen, ver\u00e4ndern oder l\u00f6schen (der Benutzername kann nicht ver\u00e4ndert werden). Administratoren der Website k\u00f6nnen diese Informationen ebenfalls einsehen und ver\u00e4ndern.<\/p>\n\n\n\n<h2 class=\"wp-block-heading\">Welche Rechte du an deinen Daten hast<\/h2>\n\n\n\n<p>Wenn du ein Konto auf dieser Website besitzt oder Kommentare geschrieben hast, kannst du einen Export deiner personenbezogenen Daten bei uns anfordern, inklusive aller Daten, die du uns mitgeteilt hast. Dar\u00fcber hinaus kannst du die L\u00f6schung aller personenbezogenen Daten, die wir von dir gespeichert haben, anfordern. Dies umfasst nicht die Daten, die wir aufgrund administrativer, rechtlicher oder sicherheitsrelevanter Notwendigkeiten aufbewahren m\u00fcssen.<\/p>\n\n\n\n<h2 class=\"wp-block-heading\">Wohin wir deine Daten senden<\/h2>\n\n\n\n<p>Besucher-Kommentare k\u00f6nnten von einem automatisierten Dienst zur Spam-Erkennung untersucht werden.<\/p>\n","protected":false},"excerpt":{"rendered":"<p>Die Adresse unserer Website ist: https:\/\/engelbrecht-yachtservice.com. Datenschutzerkl\u00e4rung nach Muster Prof. Dr. Th. Hoeren I. Allgemeines zur Datenverarbeitung 1. Umfang der Verarbeitung personenbezogener DatenWir verarbeiten personenbezogene Daten unserer Nutzer grunds\u00e4tzlich nur, soweit dies zurBereitstellung einer funktionsf\u00e4higen Website sowie unserer Inhalte und Leistungenerforderlich ist. Die Verarbeitung personenbezogener Daten unserer Nutzer erfolgtregelm\u00e4\u00dfig nur nach Einwilligung des Nutzers. Eine [&hellip;]<\/p>\n","protected":false},"author":1,"featured_media":0,"parent":0,"menu_order":0,"comment_status":"closed","ping_status":"closed","template":"","meta":{"footnotes":""},"class_list":["post-394","page","type-page","status-publish","hentry"],"_links":{"self":[{"href":"https:\/\/engelbrecht-yachtservice.com\/index.php?rest_route=\/wp\/v2\/pages\/394","targetHints":{"allow":["GET"]}}],"collection":[{"href":"https:\/\/engelbrecht-yachtservice.com\/index.php?rest_route=\/wp\/v2\/pages"}],"about":[{"href":"https:\/\/engelbrecht-yachtservice.com\/index.php?rest_route=\/wp\/v2\/types\/page"}],"author":[{"embeddable":true,"href":"https:\/\/engelbrecht-yachtservice.com\/index.php?rest_route=\/wp\/v2\/users\/1"}],"replies":[{"embeddable":true,"href":"https:\/\/engelbrecht-yachtservice.com\/index.php?rest_route=%2Fwp%2Fv2%2Fcomments&post=394"}],"version-history":[{"count":4,"href":"https:\/\/engelbrecht-yachtservice.com\/index.php?rest_route=\/wp\/v2\/pages\/394\/revisions"}],"predecessor-version":[{"id":405,"href":"https:\/\/engelbrecht-yachtservice.com\/index.php?rest_route=\/wp\/v2\/pages\/394\/revisions\/405"}],"wp:attachment":[{"href":"https:\/\/engelbrecht-yachtservice.com\/index.php?rest_route=%2Fwp%2Fv2%2Fmedia&parent=394"}],"curies":[{"name":"wp","href":"https:\/\/api.w.org\/{rel}","templated":true}]}}