{"id":322,"date":"2019-12-04T14:39:06","date_gmt":"2019-12-04T14:39:06","guid":{"rendered":"http:\/\/engelbrecht-yachtservice.com\/?page_id=322"},"modified":"2022-10-04T12:23:23","modified_gmt":"2022-10-04T12:23:23","slug":"impressum","status":"publish","type":"page","link":"https:\/\/engelbrecht-yachtservice.com\/?page_id=322","title":{"rendered":"Impressum"},"content":{"rendered":"\t\t<div data-elementor-type=\"wp-page\" data-elementor-id=\"322\" class=\"elementor elementor-322\">\n\t\t\t\t\t\t<section class=\"elementor-section elementor-top-section elementor-element elementor-element-434c522 elementor-section-boxed elementor-section-height-default elementor-section-height-default\" data-id=\"434c522\" data-element_type=\"section\">\n\t\t\t\t\t\t<div class=\"elementor-container elementor-column-gap-default\">\n\t\t\t\t\t<div class=\"elementor-column elementor-col-100 elementor-top-column elementor-element elementor-element-70aee7f\" data-id=\"70aee7f\" data-element_type=\"column\">\n\t\t\t<div class=\"elementor-widget-wrap elementor-element-populated\">\n\t\t\t\t\t\t<div class=\"elementor-element elementor-element-7347928 elementor-widget elementor-widget-text-editor\" data-id=\"7347928\" data-element_type=\"widget\" data-widget_type=\"text-editor.default\">\n\t\t\t\t<div class=\"elementor-widget-container\">\n\t\t\t\t\t\t\t\t\t<h4><span style=\"color: #008080;\"><strong>Herausgeber<\/strong><\/span><\/h4><p><span style=\"color: #008080;\">Engelbrecht Yachtservice GmbH<\/span><\/p><p><span style=\"color: #008080;\">Adlergestell 361<\/span><\/p><p><span style=\"color: #008080;\">12489 Berlin<\/span><\/p><p><span style=\"color: #008080;\">Tel.: +49 (0)30-23363030<\/span><\/p><p><span style=\"color: #008080;\">Fax: +49 (0)30-23363031<\/span><\/p><p><span style=\"color: #008080;\">info@engelbrecht-yachtservice.de<\/span><\/p><p><span style=\"color: #008080;\">UST IdNr.: DE 319210500<\/span><\/p><p><span style=\"color: #008080;\">Amtsgericht: Berlin<\/span><\/p><p><span style=\"color: #008080;\">HRB: 197874<\/span><\/p><p><span style=\"color: #008080;\">Vertreten durch den Gesch\u00e4ftsf\u00fchrer: J\u00f6rn Engelbrecht<\/span><\/p><p>Alle Recht vorbehalten 2019<\/p>\t\t\t\t\t\t\t\t<\/div>\n\t\t\t\t<\/div>\n\t\t\t\t\t<\/div>\n\t\t<\/div>\n\t\t\t\t\t<\/div>\n\t\t<\/section>\n\t\t\t\t<\/div>\n\t\t","protected":false},"excerpt":{"rendered":"<p>Herausgeber Engelbrecht Yachtservice GmbH Adlergestell 361 12489 Berlin Tel.: +49 (0)30-23363030 Fax: +49 (0)30-23363031 info@engelbrecht-yachtservice.de UST IdNr.: DE 319210500 Amtsgericht: Berlin HRB: 197874 Vertreten durch den Gesch\u00e4ftsf\u00fchrer: J\u00f6rn Engelbrecht Alle Recht vorbehalten 2019<\/p>\n","protected":false},"author":1,"featured_media":0,"parent":0,"menu_order":0,"comment_status":"closed","ping_status":"closed","template":"","meta":{"footnotes":""},"class_list":["post-322","page","type-page","status-publish","hentry"],"_links":{"self":[{"href":"https:\/\/engelbrecht-yachtservice.com\/index.php?rest_route=\/wp\/v2\/pages\/322","targetHints":{"allow":["GET"]}}],"collection":[{"href":"https:\/\/engelbrecht-yachtservice.com\/index.php?rest_route=\/wp\/v2\/pages"}],"about":[{"href":"https:\/\/engelbrecht-yachtservice.com\/index.php?rest_route=\/wp\/v2\/types\/page"}],"author":[{"embeddable":true,"href":"https:\/\/engelbrecht-yachtservice.com\/index.php?rest_route=\/wp\/v2\/users\/1"}],"replies":[{"embeddable":true,"href":"https:\/\/engelbrecht-yachtservice.com\/index.php?rest_route=%2Fwp%2Fv2%2Fcomments&post=322"}],"version-history":[{"count":4,"href":"https:\/\/engelbrecht-yachtservice.com\/index.php?rest_route=\/wp\/v2\/pages\/322\/revisions"}],"predecessor-version":[{"id":329,"href":"https:\/\/engelbrecht-yachtservice.com\/index.php?rest_route=\/wp\/v2\/pages\/322\/revisions\/329"}],"wp:attachment":[{"href":"https:\/\/engelbrecht-yachtservice.com\/index.php?rest_route=%2Fwp%2Fv2%2Fmedia&parent=322"}],"curies":[{"name":"wp","href":"https:\/\/api.w.org\/{rel}","templated":true}]}}