{"id":180,"date":"2019-11-08T21:57:57","date_gmt":"2019-11-08T21:57:57","guid":{"rendered":"http:\/\/engelbrecht-yachtservice.com\/?page_id=180"},"modified":"2026-01-23T09:52:26","modified_gmt":"2026-01-23T09:52:26","slug":"smart-yacht","status":"publish","type":"page","link":"https:\/\/engelbrecht-yachtservice.com\/?page_id=180","title":{"rendered":"Smart Yacht"},"content":{"rendered":"\t\t<div data-elementor-type=\"wp-page\" data-elementor-id=\"180\" class=\"elementor elementor-180\">\n\t\t\t\t\t\t<section class=\"elementor-section elementor-top-section elementor-element elementor-element-fcbd3bf elementor-section-boxed elementor-section-height-default elementor-section-height-default\" data-id=\"fcbd3bf\" data-element_type=\"section\">\n\t\t\t\t\t\t<div class=\"elementor-container elementor-column-gap-default\">\n\t\t\t\t\t<div class=\"elementor-column elementor-col-100 elementor-top-column elementor-element elementor-element-32869c3\" data-id=\"32869c3\" data-element_type=\"column\">\n\t\t\t<div class=\"elementor-widget-wrap elementor-element-populated\">\n\t\t\t\t\t\t<div class=\"elementor-element elementor-element-82911d9 elementor-widget elementor-widget-text-editor\" data-id=\"82911d9\" data-element_type=\"widget\" data-widget_type=\"text-editor.default\">\n\t\t\t\t<div class=\"elementor-widget-container\">\n\t\t\t\t\t\t\t\t\t<h4><strong>Yacht- und Bootsautomatisierung<\/strong><\/h4><p>Die moderne Technik er\u00f6ffnet heute eine v\u00f6llig neue Dimension modernen Yacht- und Boots Automatisierung. Wir bieten intelligente Konzepte, die sp\u00fcrbar Ihren Komfort erh\u00f6hen und gleichzeitig f\u00fcr mehr Sicherheit an Bord sorgen. Durchdachte Software vernetzt Sie mit Ihrer Bordtechnik und erm\u00f6glicht die m\u00fchelose Steuerung und \u00dcberwachung auch nach dem Verlassen Ihres Bootes. \u00a0<\/p>\t\t\t\t\t\t\t\t<\/div>\n\t\t\t\t<\/div>\n\t\t\t\t\t<\/div>\n\t\t<\/div>\n\t\t\t\t\t<\/div>\n\t\t<\/section>\n\t\t\t\t<section class=\"elementor-section elementor-top-section elementor-element elementor-element-a4c6d71 elementor-section-boxed elementor-section-height-default elementor-section-height-default\" data-id=\"a4c6d71\" data-element_type=\"section\">\n\t\t\t\t\t\t<div class=\"elementor-container elementor-column-gap-default\">\n\t\t\t\t\t<div class=\"elementor-column elementor-col-50 elementor-top-column elementor-element elementor-element-782556b\" data-id=\"782556b\" data-element_type=\"column\">\n\t\t\t<div class=\"elementor-widget-wrap elementor-element-populated\">\n\t\t\t\t\t\t<div class=\"elementor-element elementor-element-63cef52 elementor-widget elementor-widget-text-editor\" data-id=\"63cef52\" data-element_type=\"widget\" data-widget_type=\"text-editor.default\">\n\t\t\t\t<div class=\"elementor-widget-container\">\n\t\t\t\t\t\t\t\t\t<h4>Steuern und \u00dcberwachen Ihrer Technik onshore<\/h4><ul><li>Ladeger\u00e4te<\/li><li>Heizungs-\/L\u00fcftungs-\/Klimaanlagen<\/li><li>Warmwasserversorgung<\/li><li>Landstrom\u00fcberwachung<\/li><li>Lichtszenensteuerung<\/li><li>Alarm bei Wassereinbruch<\/li><li>automatische Fehlerbenachrichtigung<\/li><li>Temperatur\u00fcberwachung<\/li><li>Kamera\u00fcberwachung<\/li><\/ul>\t\t\t\t\t\t\t\t<\/div>\n\t\t\t\t<\/div>\n\t\t\t\t\t<\/div>\n\t\t<\/div>\n\t\t\t\t<div class=\"elementor-column elementor-col-50 elementor-top-column elementor-element elementor-element-50c3cf9\" data-id=\"50c3cf9\" data-element_type=\"column\">\n\t\t\t<div class=\"elementor-widget-wrap elementor-element-populated\">\n\t\t\t\t\t\t<div class=\"elementor-element elementor-element-cd22f81 elementor-widget elementor-widget-text-editor\" data-id=\"cd22f81\" data-element_type=\"widget\" data-widget_type=\"text-editor.default\">\n\t\t\t\t<div class=\"elementor-widget-container\">\n\t\t\t\t\t\t\t\t\t<h4>Steuern und \u00dcberwachen Ihrer Technik offshore<\/h4><ul><li>Ankerwinde Bug-\/Heckstrahlruder<\/li><li>Winschen f\u00fcr Festmacher<\/li><li>elektronisch gesteuerte Ruderanlage<\/li><li>automatisierte Lichtsteuerung<\/li><li>Alarmmeldungen<\/li><li>Unterhaltungsmedien<\/li><li>Hauptschaltersysteme<\/li><li>S\u00e4mtliche Verbraucher an Bord<\/li><li>Wetterdatenerfassung<\/li><\/ul>\t\t\t\t\t\t\t\t<\/div>\n\t\t\t\t<\/div>\n\t\t\t\t\t<\/div>\n\t\t<\/div>\n\t\t\t\t\t<\/div>\n\t\t<\/section>\n\t\t\t\t<\/div>\n\t\t","protected":false},"excerpt":{"rendered":"<p>Yacht- und Bootsautomatisierung Die moderne Technik er\u00f6ffnet heute eine v\u00f6llig neue Dimension modernen Yacht- und Boots Automatisierung. Wir bieten intelligente Konzepte, die sp\u00fcrbar Ihren Komfort erh\u00f6hen und gleichzeitig f\u00fcr mehr Sicherheit an Bord sorgen. Durchdachte Software vernetzt Sie mit Ihrer Bordtechnik und erm\u00f6glicht die m\u00fchelose Steuerung und \u00dcberwachung auch nach dem Verlassen Ihres Bootes. \u00a0 [&hellip;]<\/p>\n","protected":false},"author":1,"featured_media":213,"parent":130,"menu_order":0,"comment_status":"closed","ping_status":"closed","template":"","meta":{"footnotes":""},"class_list":["post-180","page","type-page","status-publish","has-post-thumbnail","hentry"],"_links":{"self":[{"href":"https:\/\/engelbrecht-yachtservice.com\/index.php?rest_route=\/wp\/v2\/pages\/180","targetHints":{"allow":["GET"]}}],"collection":[{"href":"https:\/\/engelbrecht-yachtservice.com\/index.php?rest_route=\/wp\/v2\/pages"}],"about":[{"href":"https:\/\/engelbrecht-yachtservice.com\/index.php?rest_route=\/wp\/v2\/types\/page"}],"author":[{"embeddable":true,"href":"https:\/\/engelbrecht-yachtservice.com\/index.php?rest_route=\/wp\/v2\/users\/1"}],"replies":[{"embeddable":true,"href":"https:\/\/engelbrecht-yachtservice.com\/index.php?rest_route=%2Fwp%2Fv2%2Fcomments&post=180"}],"version-history":[{"count":12,"href":"https:\/\/engelbrecht-yachtservice.com\/index.php?rest_route=\/wp\/v2\/pages\/180\/revisions"}],"predecessor-version":[{"id":221,"href":"https:\/\/engelbrecht-yachtservice.com\/index.php?rest_route=\/wp\/v2\/pages\/180\/revisions\/221"}],"up":[{"embeddable":true,"href":"https:\/\/engelbrecht-yachtservice.com\/index.php?rest_route=\/wp\/v2\/pages\/130"}],"wp:featuredmedia":[{"embeddable":true,"href":"https:\/\/engelbrecht-yachtservice.com\/index.php?rest_route=\/wp\/v2\/media\/213"}],"wp:attachment":[{"href":"https:\/\/engelbrecht-yachtservice.com\/index.php?rest_route=%2Fwp%2Fv2%2Fmedia&parent=180"}],"curies":[{"name":"wp","href":"https:\/\/api.w.org\/{rel}","templated":true}]}}