{"id":134,"date":"2019-11-08T14:22:52","date_gmt":"2019-11-08T14:22:52","guid":{"rendered":"http:\/\/engelbrecht-yachtservice.com\/?page_id=134"},"modified":"2023-12-11T09:27:46","modified_gmt":"2023-12-11T09:27:46","slug":"querstrahlruder","status":"publish","type":"page","link":"https:\/\/engelbrecht-yachtservice.com\/?page_id=134","title":{"rendered":"Querstrahlsysteme"},"content":{"rendered":"\t\t<div data-elementor-type=\"wp-page\" data-elementor-id=\"134\" class=\"elementor elementor-134\">\n\t\t\t\t\t\t<section class=\"elementor-section elementor-top-section elementor-element elementor-element-dc64428 elementor-section-boxed elementor-section-height-default elementor-section-height-default\" data-id=\"dc64428\" data-element_type=\"section\">\n\t\t\t\t\t\t<div class=\"elementor-container elementor-column-gap-default\">\n\t\t\t\t\t<div class=\"elementor-column elementor-col-100 elementor-top-column elementor-element elementor-element-fbb9505\" data-id=\"fbb9505\" data-element_type=\"column\">\n\t\t\t<div class=\"elementor-widget-wrap elementor-element-populated\">\n\t\t\t\t\t\t<div class=\"elementor-element elementor-element-08439bb elementor-widget elementor-widget-text-editor\" data-id=\"08439bb\" data-element_type=\"widget\" data-widget_type=\"text-editor.default\">\n\t\t\t\t<div class=\"elementor-widget-container\">\n\t\t\t\t\t\t\t\t\t<h4><strong>Querstrahlruder<\/strong><\/h4><p>Das An- und Ablegen mit einem Querstrahlruder wird zu einer stressfreien Angelegenheit. Sie kontrollieren die seitliche Bewegung ihres Boot und k\u00f6nnen so schnell Kurskorrekturen vornehmen. Das erh\u00f6ht sp\u00fcrbar die Sicherheit und den Komfort an Bord. Wir bieten f\u00fcr jeden Boottyp und Einsatzbereich das passende Querstrahlruder.\u00a0<\/p>\t\t\t\t\t\t\t\t<\/div>\n\t\t\t\t<\/div>\n\t\t\t\t\t<\/div>\n\t\t<\/div>\n\t\t\t\t\t<\/div>\n\t\t<\/section>\n\t\t\t\t<section class=\"elementor-section elementor-top-section elementor-element elementor-element-1880c91 elementor-section-boxed elementor-section-height-default elementor-section-height-default\" data-id=\"1880c91\" data-element_type=\"section\">\n\t\t\t\t\t\t<div class=\"elementor-container elementor-column-gap-default\">\n\t\t\t\t\t<div class=\"elementor-column elementor-col-33 elementor-top-column elementor-element elementor-element-6478bae\" data-id=\"6478bae\" data-element_type=\"column\">\n\t\t\t<div class=\"elementor-widget-wrap elementor-element-populated\">\n\t\t\t\t\t\t<div class=\"elementor-element elementor-element-d923b74 elementor-widget elementor-widget-text-editor\" data-id=\"d923b74\" data-element_type=\"widget\" data-widget_type=\"text-editor.default\">\n\t\t\t\t<div class=\"elementor-widget-container\">\n\t\t\t\t\t\t\t\t\t<h4><strong>Konventioneller Antrieb<\/strong><\/h4><p>Mittels elektrischem Antrieb wird eine schnelle Drehbewegung auf den Propeller \u00fcbertragen. Die Kraft wird im Tunnel komprimiert und als seitliche Schubbewegung umwandelt.<\/p>\t\t\t\t\t\t\t\t<\/div>\n\t\t\t\t<\/div>\n\t\t\t\t\t<\/div>\n\t\t<\/div>\n\t\t\t\t<div class=\"elementor-column elementor-col-33 elementor-top-column elementor-element elementor-element-96f67ae\" data-id=\"96f67ae\" data-element_type=\"column\">\n\t\t\t<div class=\"elementor-widget-wrap elementor-element-populated\">\n\t\t\t\t\t\t<div class=\"elementor-element elementor-element-a33c71e elementor-widget elementor-widget-image\" data-id=\"a33c71e\" data-element_type=\"widget\" data-widget_type=\"image.default\">\n\t\t\t\t<div class=\"elementor-widget-container\">\n\t\t\t\t\t\t\t\t\t\t\t\t\t\t\t<img decoding=\"async\" src=\"https:\/\/engelbrecht-yachtservice.com\/wp-content\/uploads\/2019\/11\/boegschroef-werking.jpg\" title=\"boegschroef-werking\" alt=\"boegschroef-werking\" loading=\"lazy\" \/>\t\t\t\t\t\t\t\t\t\t\t\t\t\t\t<\/div>\n\t\t\t\t<\/div>\n\t\t\t\t\t<\/div>\n\t\t<\/div>\n\t\t\t\t<div class=\"elementor-column elementor-col-33 elementor-top-column elementor-element elementor-element-04672be\" data-id=\"04672be\" data-element_type=\"column\">\n\t\t\t<div class=\"elementor-widget-wrap elementor-element-populated\">\n\t\t\t\t\t\t<div class=\"elementor-element elementor-element-45da3bc elementor-widget elementor-widget-text-editor\" data-id=\"45da3bc\" data-element_type=\"widget\" data-widget_type=\"text-editor.default\">\n\t\t\t\t<div class=\"elementor-widget-container\">\n\t\t\t\t\t\t\t\t\t<h4><strong>Hydraulischer Antrieb<\/strong><\/h4><p>Bei vorhandenen Hydraulikanlagen an Bord kommt meist ein hydraulisches Querstrahlruder zum Einsatz. Dies ist in Betriebsart und Wirkung dem konventionellem Querstrahlruder \u00e4hnlich.\u00a0<\/p>\t\t\t\t\t\t\t\t<\/div>\n\t\t\t\t<\/div>\n\t\t\t\t\t<\/div>\n\t\t<\/div>\n\t\t\t\t\t<\/div>\n\t\t<\/section>\n\t\t\t\t<section class=\"elementor-section elementor-top-section elementor-element elementor-element-33715aa elementor-section-boxed elementor-section-height-default elementor-section-height-default\" data-id=\"33715aa\" data-element_type=\"section\">\n\t\t\t\t\t\t<div class=\"elementor-container elementor-column-gap-default\">\n\t\t\t\t\t<div class=\"elementor-column elementor-col-50 elementor-top-column elementor-element elementor-element-5b4eba3\" data-id=\"5b4eba3\" data-element_type=\"column\">\n\t\t\t<div class=\"elementor-widget-wrap elementor-element-populated\">\n\t\t\t\t\t\t<div class=\"elementor-element elementor-element-59c1f78 elementor-widget elementor-widget-text-editor\" data-id=\"59c1f78\" data-element_type=\"widget\" data-widget_type=\"text-editor.default\">\n\t\t\t\t<div class=\"elementor-widget-container\">\n\t\t\t\t\t\t\t\t\t<p><strong>Jet Thruster<\/strong><\/p><div>Eine komplett andere Antriebsart bietet der Jet Thruster, hier wird Wasser an der Unterseite des Rumpfes angesaugt und mit einer Hochleistungspumpe beschleunigt. Die Hochdruckschl\u00e4uche sorgen mit ihrem geringen Str\u00f6mungswiderstand f\u00fcr eine hohe Kraft\u00fcbertragung an den Auslassd\u00fcsen, damit die maximale Schubkraft zum Man\u00f6vrieren zur Verf\u00fcgung steht.\u00a0<\/div>\t\t\t\t\t\t\t\t<\/div>\n\t\t\t\t<\/div>\n\t\t\t\t\t<\/div>\n\t\t<\/div>\n\t\t\t\t<div class=\"elementor-column elementor-col-50 elementor-top-column elementor-element elementor-element-3b19180\" data-id=\"3b19180\" data-element_type=\"column\">\n\t\t\t<div class=\"elementor-widget-wrap elementor-element-populated\">\n\t\t\t\t\t\t<div class=\"elementor-element elementor-element-8f2505e elementor-widget elementor-widget-video\" data-id=\"8f2505e\" data-element_type=\"widget\" data-settings=\"{&quot;youtube_url&quot;:&quot;https:\\\/\\\/www.youtube.com\\\/watch?v=2Z4ZkllHtEU&amp;feature=emb_rel_pause&quot;,&quot;video_type&quot;:&quot;youtube&quot;,&quot;controls&quot;:&quot;yes&quot;}\" data-widget_type=\"video.default\">\n\t\t\t\t<div class=\"elementor-widget-container\">\n\t\t\t\t\t\t\t<div class=\"elementor-wrapper elementor-open-inline\">\n\t\t\t<div class=\"elementor-video\"><\/div>\t\t<\/div>\n\t\t\t\t\t\t<\/div>\n\t\t\t\t<\/div>\n\t\t\t\t\t<\/div>\n\t\t<\/div>\n\t\t\t\t\t<\/div>\n\t\t<\/section>\n\t\t\t\t<section class=\"elementor-section elementor-top-section elementor-element elementor-element-bdaabf8 elementor-section-boxed elementor-section-height-default elementor-section-height-default\" data-id=\"bdaabf8\" data-element_type=\"section\">\n\t\t\t\t\t\t<div class=\"elementor-container elementor-column-gap-default\">\n\t\t\t\t\t<div class=\"elementor-column elementor-col-33 elementor-top-column elementor-element elementor-element-2bccea4\" data-id=\"2bccea4\" data-element_type=\"column\">\n\t\t\t<div class=\"elementor-widget-wrap elementor-element-populated\">\n\t\t\t\t\t\t<div class=\"elementor-element elementor-element-9ef31f8 elementor-widget elementor-widget-image\" data-id=\"9ef31f8\" data-element_type=\"widget\" data-widget_type=\"image.default\">\n\t\t\t\t<div class=\"elementor-widget-container\">\n\t\t\t\t\t\t\t\t\t\t\t\t\t\t\t<img decoding=\"async\" width=\"154\" height=\"70\" src=\"https:\/\/engelbrecht-yachtservice.com\/wp-content\/uploads\/2019\/11\/Download.png\" class=\"attachment-large size-large wp-image-200\" alt=\"\" \/>\t\t\t\t\t\t\t\t\t\t\t\t\t\t\t<\/div>\n\t\t\t\t<\/div>\n\t\t\t\t<div class=\"elementor-element elementor-element-9ec4c86 elementor-widget elementor-widget-text-editor\" data-id=\"9ec4c86\" data-element_type=\"widget\" data-widget_type=\"text-editor.default\">\n\t\t\t\t<div class=\"elementor-widget-container\">\n\t\t\t\t\t\t\t\t\t<p><strong>Wir sind offizieller Einbaupartner und H\u00e4ndler<\/strong><strong> von Jet Thruster<\/strong><\/p>\t\t\t\t\t\t\t\t<\/div>\n\t\t\t\t<\/div>\n\t\t\t\t\t<\/div>\n\t\t<\/div>\n\t\t\t\t<div class=\"elementor-column elementor-col-33 elementor-top-column elementor-element elementor-element-56ca4e1\" data-id=\"56ca4e1\" data-element_type=\"column\">\n\t\t\t<div class=\"elementor-widget-wrap\">\n\t\t\t\t\t\t\t<\/div>\n\t\t<\/div>\n\t\t\t\t<div class=\"elementor-column elementor-col-33 elementor-top-column elementor-element elementor-element-2a0c7ca\" data-id=\"2a0c7ca\" data-element_type=\"column\">\n\t\t\t<div class=\"elementor-widget-wrap\">\n\t\t\t\t\t\t\t<\/div>\n\t\t<\/div>\n\t\t\t\t\t<\/div>\n\t\t<\/section>\n\t\t\t\t<section class=\"elementor-section elementor-top-section elementor-element elementor-element-89fc156 elementor-section-boxed elementor-section-height-default elementor-section-height-default\" data-id=\"89fc156\" data-element_type=\"section\">\n\t\t\t\t\t\t<div class=\"elementor-container elementor-column-gap-default\">\n\t\t\t\t\t<div class=\"elementor-column elementor-col-100 elementor-top-column elementor-element elementor-element-cdb8393\" data-id=\"cdb8393\" data-element_type=\"column\">\n\t\t\t<div class=\"elementor-widget-wrap elementor-element-populated\">\n\t\t\t\t\t\t<div class=\"elementor-element elementor-element-d4f0d2a elementor-widget elementor-widget-image-carousel\" data-id=\"d4f0d2a\" data-element_type=\"widget\" data-settings=\"{&quot;slides_to_show&quot;:&quot;4&quot;,&quot;navigation&quot;:&quot;none&quot;,&quot;autoplay&quot;:&quot;no&quot;,&quot;image_spacing_custom&quot;:{&quot;unit&quot;:&quot;px&quot;,&quot;size&quot;:0,&quot;sizes&quot;:[]},&quot;infinite&quot;:&quot;yes&quot;,&quot;speed&quot;:500,&quot;image_spacing_custom_tablet&quot;:{&quot;unit&quot;:&quot;px&quot;,&quot;size&quot;:&quot;&quot;,&quot;sizes&quot;:[]},&quot;image_spacing_custom_mobile&quot;:{&quot;unit&quot;:&quot;px&quot;,&quot;size&quot;:&quot;&quot;,&quot;sizes&quot;:[]}}\" data-widget_type=\"image-carousel.default\">\n\t\t\t\t<div class=\"elementor-widget-container\">\n\t\t\t\t\t\t\t<div class=\"elementor-image-carousel-wrapper swiper\" role=\"region\" aria-roledescription=\"carousel\" aria-label=\"Bild Karussell\" dir=\"ltr\">\n\t\t\t<div class=\"elementor-image-carousel swiper-wrapper\" aria-live=\"polite\">\n\t\t\t\t\t\t\t\t<div class=\"swiper-slide\" role=\"group\" aria-roledescription=\"slide\" aria-label=\"1 von 4\"><a data-elementor-open-lightbox=\"yes\" data-elementor-lightbox-slideshow=\"d4f0d2a\" data-elementor-lightbox-title=\"jet-thruster-left-and-right-31rp33jmtlnukpujjm2pkw\" data-e-action-hash=\"#elementor-action%3Aaction%3Dlightbox%26settings%3DeyJpZCI6Mjc2LCJ1cmwiOiJodHRwczpcL1wvZW5nZWxicmVjaHQteWFjaHRzZXJ2aWNlLmNvbVwvd3AtY29udGVudFwvdXBsb2Fkc1wvMjAxOVwvMTFcL2pldC10aHJ1c3Rlci1sZWZ0LWFuZC1yaWdodC0zMXJwMzNqbXRsbnVrcHVqam0ycGt3LmpwZyIsInNsaWRlc2hvdyI6ImQ0ZjBkMmEifQ%3D%3D\" href=\"https:\/\/engelbrecht-yachtservice.com\/wp-content\/uploads\/2019\/11\/jet-thruster-left-and-right-31rp33jmtlnukpujjm2pkw.jpg\"><figure class=\"swiper-slide-inner\"><img decoding=\"async\" class=\"swiper-slide-image\" src=\"https:\/\/engelbrecht-yachtservice.com\/wp-content\/uploads\/2019\/11\/jet-thruster-left-and-right-31rp33jmtlnukpujjm2pkw-150x150.jpg\" alt=\"jet-thruster-left-and-right-31rp33jmtlnukpujjm2pkw\" \/><\/figure><\/a><\/div><div class=\"swiper-slide\" role=\"group\" aria-roledescription=\"slide\" aria-label=\"2 von 4\"><a data-elementor-open-lightbox=\"yes\" data-elementor-lightbox-slideshow=\"d4f0d2a\" data-elementor-lightbox-title=\"jet-thruster-pivot-31rp3362aq2a8klxe0iqrk\" data-e-action-hash=\"#elementor-action%3Aaction%3Dlightbox%26settings%3DeyJpZCI6Mjc3LCJ1cmwiOiJodHRwczpcL1wvZW5nZWxicmVjaHQteWFjaHRzZXJ2aWNlLmNvbVwvd3AtY29udGVudFwvdXBsb2Fkc1wvMjAxOVwvMTFcL2pldC10aHJ1c3Rlci1waXZvdC0zMXJwMzM2MmFxMmE4a2x4ZTBpcXJrLmpwZyIsInNsaWRlc2hvdyI6ImQ0ZjBkMmEifQ%3D%3D\" href=\"https:\/\/engelbrecht-yachtservice.com\/wp-content\/uploads\/2019\/11\/jet-thruster-pivot-31rp3362aq2a8klxe0iqrk.jpg\"><figure class=\"swiper-slide-inner\"><img decoding=\"async\" class=\"swiper-slide-image\" src=\"https:\/\/engelbrecht-yachtservice.com\/wp-content\/uploads\/2019\/11\/jet-thruster-pivot-31rp3362aq2a8klxe0iqrk-150x150.jpg\" alt=\"jet-thruster-pivot-31rp3362aq2a8klxe0iqrk\" \/><\/figure><\/a><\/div><div class=\"swiper-slide\" role=\"group\" aria-roledescription=\"slide\" aria-label=\"3 von 4\"><a data-elementor-open-lightbox=\"yes\" data-elementor-lightbox-slideshow=\"d4f0d2a\" data-elementor-lightbox-title=\"jet-thruster-stern-left-and-right-31rp33al50lh0mcsrvpedc\" data-e-action-hash=\"#elementor-action%3Aaction%3Dlightbox%26settings%3DeyJpZCI6Mjc4LCJ1cmwiOiJodHRwczpcL1wvZW5nZWxicmVjaHQteWFjaHRzZXJ2aWNlLmNvbVwvd3AtY29udGVudFwvdXBsb2Fkc1wvMjAxOVwvMTFcL2pldC10aHJ1c3Rlci1zdGVybi1sZWZ0LWFuZC1yaWdodC0zMXJwMzNhbDUwbGgwbWNzcnZwZWRjLmpwZyIsInNsaWRlc2hvdyI6ImQ0ZjBkMmEifQ%3D%3D\" href=\"https:\/\/engelbrecht-yachtservice.com\/wp-content\/uploads\/2019\/11\/jet-thruster-stern-left-and-right-31rp33al50lh0mcsrvpedc.jpg\"><figure class=\"swiper-slide-inner\"><img decoding=\"async\" class=\"swiper-slide-image\" src=\"https:\/\/engelbrecht-yachtservice.com\/wp-content\/uploads\/2019\/11\/jet-thruster-stern-left-and-right-31rp33al50lh0mcsrvpedc-150x150.jpg\" alt=\"jet-thruster-stern-left-and-right-31rp33al50lh0mcsrvpedc\" \/><\/figure><\/a><\/div><div class=\"swiper-slide\" role=\"group\" aria-roledescription=\"slide\" aria-label=\"4 von 4\"><a data-elementor-open-lightbox=\"yes\" data-elementor-lightbox-slideshow=\"d4f0d2a\" data-elementor-lightbox-title=\"jet-thurster-left-31rp33f3zb4nso3o5qw1z4\" data-e-action-hash=\"#elementor-action%3Aaction%3Dlightbox%26settings%3DeyJpZCI6Mjc5LCJ1cmwiOiJodHRwczpcL1wvZW5nZWxicmVjaHQteWFjaHRzZXJ2aWNlLmNvbVwvd3AtY29udGVudFwvdXBsb2Fkc1wvMjAxOVwvMTFcL2pldC10aHVyc3Rlci1sZWZ0LTMxcnAzM2YzemI0bnNvM281cXcxejQuanBnIiwic2xpZGVzaG93IjoiZDRmMGQyYSJ9\" href=\"https:\/\/engelbrecht-yachtservice.com\/wp-content\/uploads\/2019\/11\/jet-thurster-left-31rp33f3zb4nso3o5qw1z4.jpg\"><figure class=\"swiper-slide-inner\"><img decoding=\"async\" class=\"swiper-slide-image\" src=\"https:\/\/engelbrecht-yachtservice.com\/wp-content\/uploads\/2019\/11\/jet-thurster-left-31rp33f3zb4nso3o5qw1z4-150x150.jpg\" alt=\"jet-thurster-left-31rp33f3zb4nso3o5qw1z4\" \/><\/figure><\/a><\/div>\t\t\t<\/div>\n\t\t\t\t\t\t\t\n\t\t\t\t\t\t\t\t\t<\/div>\n\t\t\t\t\t\t<\/div>\n\t\t\t\t<\/div>\n\t\t\t\t\t<\/div>\n\t\t<\/div>\n\t\t\t\t\t<\/div>\n\t\t<\/section>\n\t\t\t\t<\/div>\n\t\t","protected":false},"excerpt":{"rendered":"<p>Querstrahlruder Das An- und Ablegen mit einem Querstrahlruder wird zu einer stressfreien Angelegenheit. Sie kontrollieren die seitliche Bewegung ihres Boot und k\u00f6nnen so schnell Kurskorrekturen vornehmen. Das erh\u00f6ht sp\u00fcrbar die Sicherheit und den Komfort an Bord. Wir bieten f\u00fcr jeden Bootstyp und Einsatzbereich das passende Querstrahlruder.&nbsp; Konventioneller Antrieb Mittels elektrischem Antrieb wird eine schnelle Drehbewegung [&hellip;]<\/p>\n","protected":false},"author":1,"featured_media":143,"parent":130,"menu_order":1,"comment_status":"closed","ping_status":"closed","template":"","meta":{"footnotes":""},"class_list":["post-134","page","type-page","status-publish","has-post-thumbnail","hentry"],"_links":{"self":[{"href":"https:\/\/engelbrecht-yachtservice.com\/index.php?rest_route=\/wp\/v2\/pages\/134","targetHints":{"allow":["GET"]}}],"collection":[{"href":"https:\/\/engelbrecht-yachtservice.com\/index.php?rest_route=\/wp\/v2\/pages"}],"about":[{"href":"https:\/\/engelbrecht-yachtservice.com\/index.php?rest_route=\/wp\/v2\/types\/page"}],"author":[{"embeddable":true,"href":"https:\/\/engelbrecht-yachtservice.com\/index.php?rest_route=\/wp\/v2\/users\/1"}],"replies":[{"embeddable":true,"href":"https:\/\/engelbrecht-yachtservice.com\/index.php?rest_route=%2Fwp%2Fv2%2Fcomments&post=134"}],"version-history":[{"count":47,"href":"https:\/\/engelbrecht-yachtservice.com\/index.php?rest_route=\/wp\/v2\/pages\/134\/revisions"}],"predecessor-version":[{"id":377,"href":"https:\/\/engelbrecht-yachtservice.com\/index.php?rest_route=\/wp\/v2\/pages\/134\/revisions\/377"}],"up":[{"embeddable":true,"href":"https:\/\/engelbrecht-yachtservice.com\/index.php?rest_route=\/wp\/v2\/pages\/130"}],"wp:featuredmedia":[{"embeddable":true,"href":"https:\/\/engelbrecht-yachtservice.com\/index.php?rest_route=\/wp\/v2\/media\/143"}],"wp:attachment":[{"href":"https:\/\/engelbrecht-yachtservice.com\/index.php?rest_route=%2Fwp%2Fv2%2Fmedia&parent=134"}],"curies":[{"name":"wp","href":"https:\/\/api.w.org\/{rel}","templated":true}]}}